{"id":15523,"date":"2018-08-17T15:18:04","date_gmt":"2018-08-17T15:18:04","guid":{"rendered":"https:\/\/ousus.com\/?page_id=15523"},"modified":"2018-08-23T09:39:26","modified_gmt":"2018-08-23T09:39:26","slug":"princess-noura-bint-abdulrahman-university-for-women","status":"publish","type":"page","link":"https:\/\/ousus.com\/index.php\/princess-noura-bint-abdulrahman-university-for-women\/","title":{"rendered":"Princess Noura Bint Abdulrahman University for Women"},"content":{"rendered":"<p>[vc_row bg_color=&#8221;rgba(217,232,240,0.66)&#8221; top_padding=&#8221;10&#8243; bottom_padding=&#8221;10&#8243;][vc_column column_padding=&#8221;custom-padding&#8221; column_custompadding=&#8221;0px 25px 0px 25px&#8221; width=&#8221;1\/6&#8243;]<h1 class=\"headline font-inherit fontsize-s fontweight-600 lh-inherit align-left transform-inherit \" style=\"margin: 0 0 20px 0; color: #00649a;\"><a href=\"https:\/\/ousus.com\/index.php\/references\/\">&lt;&lt; Back<\/a><\/h1>[\/vc_column][vc_column width=&#8221;2\/3&#8243;]<h1 class=\"headline font-inherit fontsize-m fontweight-600 lh-inherit align-center transform-inherit \" style=\"margin: 0 0 20px 0; color: #00649a;\">References<\/h1>[\/vc_column][vc_column width=&#8221;1\/6&#8243;][\/vc_column][\/vc_row][vc_row bg_color=&#8221;rgba(217,232,240,0.66)&#8221;][vc_column column_padding=&#8221;custom-padding&#8221; column_custompadding=&#8221;0px 25px 0px 25px&#8221; width=&#8221;1\/2&#8243;]<h1 class=\"headline font-inherit fontsize-m fontweight-600 lh-inherit align-left transform-inherit \" style=\"margin: 0 0 20px 0; color: #00649a;\">Princess Noura Bint Abdulrahman University for Women (PNU) \/ DAR AR Riyadh Consultant<\/h1><h1 class=\"headline font-inherit fontsize-inherit fontweight-inherit lh-inherit align-left transform-inherit \" style=\"margin: 0 0 20px 0;\">Design, Fabrication, and Installation of 350 m2 Steel Sub-Frame Structure<br \/>\nScope: 15,000 m of Steel Painted Handrails, 8,000 m2 of Marble and Ceiling Supports, All Main Gates, 3,000 m2 of Special Walk Way Gratings with Platforms, and various metal works.<\/h1>[\/vc_column][vc_column width=&#8221;1\/2&#8243;]<div class=\"single_image wpb_content_element align-left    \" data-animation=\"none\" data-delay=\"0\"><img loading=\"lazy\" decoding=\"async\" width=\"600\" height=\"300\" src=\"https:\/\/ousus.com\/wp-content\/uploads\/2018\/08\/refrences_img_1.jpg\" class=\"attachment-full\" alt=\"\" srcset=\"https:\/\/ousus.com\/wp-content\/uploads\/2018\/08\/refrences_img_1.jpg 600w, https:\/\/ousus.com\/wp-content\/uploads\/2018\/08\/refrences_img_1-300x150.jpg 300w\" sizes=\"auto, (max-width: 600px) 100vw, 600px\" \/><\/div>[\/vc_column][\/vc_row][vc_row bg_color=&#8221;rgba(217,232,240,0.66)&#8221; top_padding=&#8221;20&#8243; bottom_padding=&#8221;10&#8243;][vc_column width=&#8221;1\/2&#8243;]<div class=\"single_image wpb_content_element align-left    \" data-animation=\"none\" data-delay=\"0\"><img loading=\"lazy\" decoding=\"async\" class=\"\" src=\"https:\/\/ousus.com\/wp-content\/uploads\/2018\/08\/image_2-560x310.jpg\" width=\"560\" height=\"310\" alt=\"image_2\" title=\"image_2\" \/><\/div>[\/vc_column][vc_column width=&#8221;1\/2&#8243;]<div class=\"single_image wpb_content_element align-left    \" data-animation=\"none\" data-delay=\"0\"><img loading=\"lazy\" decoding=\"async\" class=\"\" src=\"https:\/\/ousus.com\/wp-content\/uploads\/2018\/08\/image_1-560x310.jpg\" width=\"560\" height=\"310\" alt=\"image_1\" title=\"image_1\" \/><\/div>[\/vc_column][\/vc_row][vc_row bg_color=&#8221;rgba(217,232,240,0.66)&#8221; top_padding=&#8221;20&#8243; bottom_padding=&#8221;10&#8243;][vc_column width=&#8221;1\/3&#8243;]<div class=\"single_image wpb_content_element align-left    \" data-animation=\"none\" data-delay=\"0\"><img loading=\"lazy\" decoding=\"async\" class=\"\" src=\"https:\/\/ousus.com\/wp-content\/uploads\/2018\/08\/image_3-360x260.jpg\" width=\"360\" height=\"260\" alt=\"image_3\" title=\"image_3\" \/><\/div>[\/vc_column][vc_column width=&#8221;1\/3&#8243;]<div class=\"single_image wpb_content_element align-left    \" data-animation=\"none\" data-delay=\"0\"><img loading=\"lazy\" decoding=\"async\" class=\"\" src=\"https:\/\/ousus.com\/wp-content\/uploads\/2018\/08\/image_4-350x260.jpg\" width=\"350\" height=\"260\" alt=\"image_4\" title=\"image_4\" \/><\/div>[\/vc_column][vc_column width=&#8221;1\/3&#8243;]<div class=\"single_image wpb_content_element align-left    \" data-animation=\"none\" data-delay=\"0\"><img loading=\"lazy\" decoding=\"async\" class=\"\" src=\"https:\/\/ousus.com\/wp-content\/uploads\/2018\/08\/image_5-360x260.jpg\" width=\"360\" height=\"260\" alt=\"image_5\" title=\"image_5\" \/><\/div>[\/vc_column][\/vc_row][vc_row bg_color=&#8221;rgba(217,232,240,0.66)&#8221; top_padding=&#8221;20&#8243; bottom_padding=&#8221;30&#8243;][vc_column width=&#8221;2\/3&#8243;][vc_row_inner][vc_column_inner width=&#8221;1\/2&#8243;]<div class=\"single_image wpb_content_element align-left    \" data-animation=\"none\" data-delay=\"0\"><img loading=\"lazy\" decoding=\"async\" class=\"\" src=\"https:\/\/ousus.com\/wp-content\/uploads\/2018\/08\/image_6-360x242.jpg\" width=\"360\" height=\"242\" alt=\"image_6\" title=\"image_6\" \/><\/div>[\/vc_column_inner][vc_column_inner width=&#8221;1\/2&#8243;]<div class=\"single_image wpb_content_element align-left    \" data-animation=\"none\" data-delay=\"0\"><img loading=\"lazy\" decoding=\"async\" class=\"\" src=\"https:\/\/ousus.com\/wp-content\/uploads\/2018\/08\/image_7-360x243.jpg\" width=\"360\" height=\"243\" alt=\"image_7\" title=\"image_7\" \/><\/div>[\/vc_column_inner][\/vc_row_inner][vc_row_inner][vc_column_inner width=&#8221;1\/2&#8243;]<div class=\"single_image wpb_content_element align-left    \" data-animation=\"none\" data-delay=\"0\"><img loading=\"lazy\" decoding=\"async\" class=\"\" src=\"https:\/\/ousus.com\/wp-content\/uploads\/2018\/08\/image_8-360x260.jpg\" width=\"360\" height=\"260\" alt=\"`J\u008b\u00be\u00ac\u00f5\u009a\u00c6\u00e7\u00f4\u00ae\u00a3I\u0096\u00b4q\u00af\u00ee\u00b9z\u00ffZ\u00be\u00b5ePh\u00bb\u00a0\u00d3 \u00cbf\u0083\u00fe\u0092\u00ces\u00be\u00b0\u0087\u00de\u0092\u00ca\u00eci\u00e4\u00e6R \u008f\u00ea\u00d5\u00b9\u00e5#\u00e4\u00a9\u00dc\u00ce1[\u00d2\u00d3\u00ca%\u00e2\u00faa\u00e9\u00e55\u00d9\u00b87\u00e4Pi\u00fa\u00c1&gt;\u00b1\u0087V\u00fa\u009e\u00d6\u00b7\u00f4\u0091\u00fc\u00e5_\" title=\"`J\u008b\u00be\u00ac\u00f5\u009a\u00c6\u00e7\u00f4\u00ae\u00a3I\u0096\u00b4q\u00af\u00ee\u00b9z\u00ffZ\u00be\u00b5ePh\u00bb\u00a0\u00d3 \u00cbf\u0083\u00fe\u0092\u00ces\u00be\u00b0\u0087\u00de\u0092\u00ca\u00eci\u00e4\u00e6R \u008f\u00ea\u00d5\u00b9\u00e5#\u00e4\u00a9\u00dc\u00ce1[\u00d2\u00d3\u00ca%\u00e2\u00faa\u00e9\u00e55\u00d9\u00b87\u00e4Pi\u00fa\u00c1&gt;\u00b1\u0087V\u00fa\u009e\u00d6\u00b7\u00f4\u0091\u00fc\u00e5_\" \/><\/div>[\/vc_column_inner][vc_column_inner width=&#8221;1\/2&#8243;]<div class=\"single_image wpb_content_element align-left    \" data-animation=\"none\" data-delay=\"0\"><img loading=\"lazy\" decoding=\"async\" class=\"\" src=\"https:\/\/ousus.com\/wp-content\/uploads\/2018\/08\/image_9-360x260.jpg\" width=\"360\" height=\"260\" alt=\"image_9\" title=\"image_9\" \/><\/div>[\/vc_column_inner][\/vc_row_inner][\/vc_column][vc_column width=&#8221;1\/3&#8243;]<div class=\"single_image wpb_content_element align-left    \" data-animation=\"none\" data-delay=\"0\"><img loading=\"lazy\" decoding=\"async\" class=\"\" src=\"https:\/\/ousus.com\/wp-content\/uploads\/2018\/08\/image_10.jpg\" width=\"360\" height=\"515\" alt=\"image_10\" title=\"image_10\" \/><\/div>[\/vc_column][\/vc_row]<\/p>\n","protected":false},"excerpt":{"rendered":"<p>[vc_row bg_color=&#8221;rgba(217,232,240,0.66)&#8221; top_padding=&#8221;10&#8243; bottom_padding=&#8221;10&#8243;][vc_column column_padding=&#8221;custom-padding&#8221; column_custompadding=&#8221;0px 25px 0px 25px&#8221; width=&#8221;1\/6&#8243;][\/vc_column][vc_column width=&#8221;2\/3&#8243;][\/vc_column][vc_column width=&#8221;1\/6&#8243;][\/vc_column][\/vc_row][vc_row bg_color=&#8221;rgba(217,232,240,0.66)&#8221;][vc_column column_padding=&#8221;custom-padding&#8221; column_custompadding=&#8221;0px 25px 0px 25px&#8221; width=&#8221;1\/2&#8243;][\/vc_column][vc_column width=&#8221;1\/2&#8243;][\/vc_column][\/vc_row][vc_row bg_color=&#8221;rgba(217,232,240,0.66)&#8221; top_padding=&#8221;20&#8243; bottom_padding=&#8221;10&#8243;][vc_column width=&#8221;1\/2&#8243;][\/vc_column][vc_column width=&#8221;1\/2&#8243;][\/vc_column][\/vc_row][vc_row bg_color=&#8221;rgba(217,232,240,0.66)&#8221; top_padding=&#8221;20&#8243; bottom_padding=&#8221;10&#8243;][vc_column width=&#8221;1\/3&#8243;][\/vc_column][vc_column width=&#8221;1\/3&#8243;][\/vc_column][vc_column width=&#8221;1\/3&#8243;][\/vc_column][\/vc_row][vc_row bg_color=&#8221;rgba(217,232,240,0.66)&#8221; top_padding=&#8221;20&#8243; bottom_padding=&#8221;30&#8243;][vc_column width=&#8221;2\/3&#8243;][vc_row_inner][vc_column_inner width=&#8221;1\/2&#8243;][\/vc_column_inner][vc_column_inner width=&#8221;1\/2&#8243;][\/vc_column_inner][\/vc_row_inner][vc_row_inner][vc_column_inner width=&#8221;1\/2&#8243;][\/vc_column_inner][vc_column_inner width=&#8221;1\/2&#8243;][\/vc_column_inner][\/vc_row_inner][\/vc_column][vc_column width=&#8221;1\/3&#8243;][\/vc_column][\/vc_row]<\/p>\n","protected":false},"author":1,"featured_media":0,"parent":0,"menu_order":0,"comment_status":"closed","ping_status":"closed","template":"","meta":{"footnotes":""},"class_list":["post-15523","page","type-page","status-publish","hentry"],"_links":{"self":[{"href":"https:\/\/ousus.com\/index.php\/wp-json\/wp\/v2\/pages\/15523","targetHints":{"allow":["GET"]}}],"collection":[{"href":"https:\/\/ousus.com\/index.php\/wp-json\/wp\/v2\/pages"}],"about":[{"href":"https:\/\/ousus.com\/index.php\/wp-json\/wp\/v2\/types\/page"}],"author":[{"embeddable":true,"href":"https:\/\/ousus.com\/index.php\/wp-json\/wp\/v2\/users\/1"}],"replies":[{"embeddable":true,"href":"https:\/\/ousus.com\/index.php\/wp-json\/wp\/v2\/comments?post=15523"}],"version-history":[{"count":7,"href":"https:\/\/ousus.com\/index.php\/wp-json\/wp\/v2\/pages\/15523\/revisions"}],"predecessor-version":[{"id":15832,"href":"https:\/\/ousus.com\/index.php\/wp-json\/wp\/v2\/pages\/15523\/revisions\/15832"}],"wp:attachment":[{"href":"https:\/\/ousus.com\/index.php\/wp-json\/wp\/v2\/media?parent=15523"}],"curies":[{"name":"wp","href":"https:\/\/api.w.org\/{rel}","templated":true}]}}